{"id":1253,"date":"2026-03-10T07:27:27","date_gmt":"2026-03-10T07:27:27","guid":{"rendered":"https:\/\/mfbe.bilkent.edu.tr\/?page_id=1253"},"modified":"2026-03-10T07:50:14","modified_gmt":"2026-03-10T07:50:14","slug":"forms","status":"publish","type":"page","link":"https:\/\/mfbe.bilkent.edu.tr\/?page_id=1253","title":{"rendered":"Forms"},"content":{"rendered":"\n<figure class=\"wp-block-gallery has-nested-images columns-default is-cropped wp-block-gallery-1 is-layout-flex wp-block-gallery-is-layout-flex\">\n<figure class=\"wp-block-image size-large is-style-default\" style=\"margin-top:0;margin-right:0;margin-bottom:0;margin-left:0\"><img decoding=\"async\" src=\"https:\/\/mfbe.bilkent.edu.tr\/wp-content\/uploads\/2026\/03\/Leiden-Report-buyuk-scaled.jpg\" alt=\"\"\/><\/figure>\n<\/figure>\n\n\n\n<p><strong>Documents Common for Both Programs<\/strong><\/p>\n\n\n\n<ul class=\"wp-block-list\">\n<li><strong><a href=\"https:\/\/mfbe.bilkent.edu.tr\/wp-content\/uploads\/2025\/08\/thesis_database_submission_and_permission_form_2.pdf\">Thesis\/Dissertation Submission&nbsp;and Permission Form<\/a><\/strong><\/li>\n\n\n\n<li><strong><a href=\"https:\/\/mfbe.bilkent.edu.tr\/wp-content\/uploads\/2025\/07\/thesis-dissertation-submission-guidelines.pdf\">Thesis\/Dissertation <\/a><a href=\"https:\/\/mfbe.bilkent.edu.tr\/wp-content\/uploads\/2025\/07\/Thesis-Submission-Guideline.pdf\">Submission<\/a><a href=\"https:\/\/mfbe.bilkent.edu.tr\/wp-content\/uploads\/2025\/09\/Thesis-Submission-Guideline.pdf\" data-type=\"link\" data-id=\"https:\/\/mfbe.bilkent.edu.tr\/wp-content\/uploads\/2025\/09\/Thesis-Submission-Guideline.pdf\"> Guidelines<\/a><\/strong><\/li>\n\n\n\n<li><a href=\"https:\/\/mfbe.bilkent.edu.tr\/wp-content\/uploads\/2025\/05\/Thesis_September2017-7.zip\"><strong>M.S. and Ph.D. Thesis Latex Template<\/strong><\/a>&nbsp;&#8212; <strong>&#8220;zip&#8221;<\/strong><\/li>\n\n\n\n<li><strong><a href=\"https:\/\/mfbe.bilkent.edu.tr\/wp-content\/uploads\/2017\/09\/ILISKI-KESME-FORMU-son.pdf\">Form for Termination of Enrollment<\/a><\/strong><\/li>\n\n\n\n<li><a href=\"https:\/\/mfbe.bilkent.edu.tr\/wp-content\/uploads\/2014\/09\/universitedisidersformueng.doc\"><strong>Petition to take a course from another institution<\/strong><\/a><\/li>\n\n\n\n<li><a href=\"https:\/\/mfbe.bilkent.edu.tr\/wp-content\/uploads\/2017\/12\/DanismanDegisiklikFormu6.12.17.pdf\"><strong>Change of Advisor Request<\/strong><\/a><\/li>\n\n\n\n<li><strong><a href=\"https:\/\/mfbe.bilkent.edu.tr\/wp-content\/uploads\/2026\/02\/Graduate-Student-Housing-Application-Form-SPR26.doc\" data-type=\"link\" data-id=\"https:\/\/mfbe.bilkent.edu.tr\/wp-content\/uploads\/2026\/02\/Graduate-Student-Housing-Application-Form-SPR26.doc\">Dormitory \/ Lodging Request Form<\/a><\/strong><\/li>\n\n\n\n<li><strong><a href=\"https:\/\/mfbe.bilkent.edu.tr\/wp-content\/uploads\/2017\/06\/Donem_Izni_Formulisansustu5.6.17.pdf\">Lisans\u00fcst\u00fc \u00d6\u011frenciler i\u00e7in Yar\u0131y\u0131l \u0130zni \u0130stek Formu<\/a><\/strong><\/li>\n\n\n\n<li><a href=\"https:\/\/mfbe.bilkent.edu.tr\/wp-content\/uploads\/2016\/09\/OzelOgrenciBasvuruFormuEng.pdf\"><strong>Special Graduate Student Application Form<\/strong><\/a><\/li>\n\n\n\n<li><strong><a href=\"https:\/\/mfbe.bilkent.edu.tr\/wp-content\/uploads\/2025\/08\/graduate_thesis_access_postponement_request_form2025.pdf\">Graduate Thesis Access Postponement Request Form<\/a><\/strong><\/li>\n<\/ul>\n\n\n\n<p><strong>Ph.D. Related Documents<\/strong><\/p>\n\n\n\n<ul class=\"wp-block-list\">\n<li><strong><a href=\"https:\/\/mfbe.bilkent.edu.tr\/wp-content\/uploads\/2026\/03\/BU.FR_.MFBE_.003_DoktoraYeterlikSinaviJuriOneriFormu.docx\">Ph.D. Qualifying Examination Jury Proposal Form<\/a><\/strong><\/li>\n\n\n\n<li><strong><a href=\"https:\/\/mfbe.bilkent.edu.tr\/wp-content\/uploads\/2026\/03\/BU.FR_.MFBE_.004_DoktoraYeterlikSinaviSonucFormu.docx\">Ph.D. Qualifying Examination Result Form<\/a><\/strong><\/li>\n\n\n\n<li><strong><a href=\"https:\/\/mfbe.bilkent.edu.tr\/wp-content\/uploads\/2026\/03\/BU.FR_.MFBE_.005A_DoktoraTezIzlemeKomitesiDegerlendirmeTutanagi.docx\">Dissertation Monitoring Committee Evaluation Report<\/a><\/strong><\/li>\n\n\n\n<li><strong><a href=\"https:\/\/mfbe.bilkent.edu.tr\/wp-content\/uploads\/2026\/03\/BU.FR_.MFBE_.005B_DoktoraTezIzlemeKomitesiDanismanTakipFormu.docx\">Dissertation Monitoring Committee Advisor Following Form<\/a><\/strong><\/li>\n\n\n\n<li><a href=\"https:\/\/mfbe.bilkent.edu.tr\/wp-content\/uploads\/2026\/03\/BU.FR_.MFBE_.006_DoktoraTezSavunmasiJuriOneriFormu.docx\"><strong>Ph.D. Dissertation Defense Committee Proposal Form<\/strong><\/a><\/li>\n\n\n\n<li><a href=\"https:\/\/mfbe.bilkent.edu.tr\/wp-content\/uploads\/2026\/03\/BU.FR_.MFBE_.007_DoktoraTezSavunmasiSonucFormu.docx\"><strong>Ph.D. Dissertation Defense Result Form<\/strong><\/a><\/li>\n<\/ul>\n\n\n\n<p><strong>M.S. Related Documents<\/strong><\/p>\n\n\n\n<ul class=\"wp-block-list\">\n<li><strong><a href=\"https:\/\/mfbe.bilkent.edu.tr\/wp-content\/uploads\/2026\/03\/BU.FR_.MFBE_.008_YuksekLisansTezSinaviJuriOneriFormu.docx\">M.S. Thesis Defense Committee Proposal Form<\/a><\/strong><\/li>\n\n\n\n<li><strong><a href=\"https:\/\/mfbe.bilkent.edu.tr\/wp-content\/uploads\/2026\/03\/BU.FR_.MFBE_.009_YuksekLisansTezSavunmasiSonucFormu.docx\">M.S. Thesis Defense Result Form<\/a><\/strong><\/li>\n<\/ul>\n\n\n\n<p><\/p>\n","protected":false},"excerpt":{"rendered":"<p>Documents Common for Both Programs Ph.D. Related Documents M.S. Related Documents<\/p>\n","protected":false},"author":1,"featured_media":0,"parent":0,"menu_order":0,"comment_status":"closed","ping_status":"closed","template":"","meta":{"site-sidebar-layout":"default","site-content-layout":"","ast-site-content-layout":"","site-content-style":"default","site-sidebar-style":"default","ast-global-header-display":"","ast-banner-title-visibility":"","ast-main-header-display":"","ast-hfb-above-header-display":"","ast-hfb-below-header-display":"","ast-hfb-mobile-header-display":"","site-post-title":"","ast-breadcrumbs-content":"","ast-featured-img":"","footer-sml-layout":"","theme-transparent-header-meta":"","adv-header-id-meta":"","stick-header-meta":"","header-above-stick-meta":"","header-main-stick-meta":"","header-below-stick-meta":"","astra-migrate-meta-layouts":"default","ast-page-background-enabled":"default","ast-page-background-meta":{"desktop":{"background-color":"var(--ast-global-color-5)","background-image":"","background-repeat":"repeat","background-position":"center center","background-size":"auto","background-attachment":"scroll","background-type":"","background-media":"","overlay-type":"","overlay-color":"","overlay-opacity":"","overlay-gradient":""},"tablet":{"background-color":"","background-image":"","background-repeat":"repeat","background-position":"center center","background-size":"auto","background-attachment":"scroll","background-type":"","background-media":"","overlay-type":"","overlay-color":"","overlay-opacity":"","overlay-gradient":""},"mobile":{"background-color":"","background-image":"","background-repeat":"repeat","background-position":"center center","background-size":"auto","background-attachment":"scroll","background-type":"","background-media":"","overlay-type":"","overlay-color":"","overlay-opacity":"","overlay-gradient":""}},"ast-content-background-meta":{"desktop":{"background-color":"var(--ast-global-color-4)","background-image":"","background-repeat":"repeat","background-position":"center center","background-size":"auto","background-attachment":"scroll","background-type":"","background-media":"","overlay-type":"","overlay-color":"","overlay-opacity":"","overlay-gradient":""},"tablet":{"background-color":"var(--ast-global-color-4)","background-image":"","background-repeat":"repeat","background-position":"center center","background-size":"auto","background-attachment":"scroll","background-type":"","background-media":"","overlay-type":"","overlay-color":"","overlay-opacity":"","overlay-gradient":""},"mobile":{"background-color":"var(--ast-global-color-4)","background-image":"","background-repeat":"repeat","background-position":"center center","background-size":"auto","background-attachment":"scroll","background-type":"","background-media":"","overlay-type":"","overlay-color":"","overlay-opacity":"","overlay-gradient":""}},"footnotes":""},"class_list":["post-1253","page","type-page","status-publish","hentry"],"_links":{"self":[{"href":"https:\/\/mfbe.bilkent.edu.tr\/index.php?rest_route=\/wp\/v2\/pages\/1253","targetHints":{"allow":["GET"]}}],"collection":[{"href":"https:\/\/mfbe.bilkent.edu.tr\/index.php?rest_route=\/wp\/v2\/pages"}],"about":[{"href":"https:\/\/mfbe.bilkent.edu.tr\/index.php?rest_route=\/wp\/v2\/types\/page"}],"author":[{"embeddable":true,"href":"https:\/\/mfbe.bilkent.edu.tr\/index.php?rest_route=\/wp\/v2\/users\/1"}],"replies":[{"embeddable":true,"href":"https:\/\/mfbe.bilkent.edu.tr\/index.php?rest_route=%2Fwp%2Fv2%2Fcomments&post=1253"}],"version-history":[{"count":7,"href":"https:\/\/mfbe.bilkent.edu.tr\/index.php?rest_route=\/wp\/v2\/pages\/1253\/revisions"}],"predecessor-version":[{"id":1268,"href":"https:\/\/mfbe.bilkent.edu.tr\/index.php?rest_route=\/wp\/v2\/pages\/1253\/revisions\/1268"}],"wp:attachment":[{"href":"https:\/\/mfbe.bilkent.edu.tr\/index.php?rest_route=%2Fwp%2Fv2%2Fmedia&parent=1253"}],"curies":[{"name":"wp","href":"https:\/\/api.w.org\/{rel}","templated":true}]}}