{"id":40,"date":"2014-09-04T14:02:31","date_gmt":"2014-09-04T14:02:31","guid":{"rendered":"http:\/\/mfbe.bilkent.edu.tr\/wp\/?page_id=40"},"modified":"2025-05-13T08:03:18","modified_gmt":"2025-05-13T08:03:18","slug":"graduate-school-regulations","status":"publish","type":"page","link":"https:\/\/mfbe.bilkent.edu.tr\/?page_id=40","title":{"rendered":"Graduate School Regulations [TR]"},"content":{"rendered":"\n<figure class=\"wp-block-gallery has-nested-images columns-default is-cropped wp-block-gallery-1 is-layout-flex wp-block-gallery-is-layout-flex\">\n<figure class=\"wp-block-image size-full\"><img loading=\"lazy\" decoding=\"async\" width=\"800\" height=\"450\" data-id=\"757\" src=\"https:\/\/mfbe.bilkent.edu.tr\/wp-content\/uploads\/2019\/04\/mf2.jpeg\" alt=\"\" class=\"wp-image-757\" srcset=\"https:\/\/mfbe.bilkent.edu.tr\/wp-content\/uploads\/2019\/04\/mf2.jpeg 800w, https:\/\/mfbe.bilkent.edu.tr\/wp-content\/uploads\/2019\/04\/mf2-300x169.jpeg 300w, https:\/\/mfbe.bilkent.edu.tr\/wp-content\/uploads\/2019\/04\/mf2-768x432.jpeg 768w\" sizes=\"auto, (max-width: 800px) 100vw, 800px\" \/><\/figure>\n<\/figure>\n\n\n\n<ul class=\"wp-block-list\">\n<li><strong><a href=\"http:\/\/w3.bilkent.edu.tr\/www\/lisansustu-egitim-ogretim-yonetmeligi\/\">Current Regulation<\/a>&nbsp;<\/strong>( Mevcut Y\u00f6netmelik)<\/li>\n\n\n\n<li><strong><a href=\"https:\/\/mfbe.bilkent.edu.tr\/wp-content\/uploads\/2016\/06\/eski-yonetmelik-eylul2013-mayis2016.pdf\">Old Regulation \/&nbsp;September 2013 &#8211; May 2016&nbsp;<\/a>&nbsp;<\/strong>(Eyl\u00fcl 2013 ile May\u0131s 2016 aras\u0131ndaki y\u00f6netmelik)<\/li>\n\n\n\n<li><a href=\"http:\/\/mfbe.bilkent.edu.tr\/Regulation-March2012-September2013.pdf\" target=\"_blank\" rel=\"noreferrer noopener\"><strong>Old Regulation \/ March 2012 &#8211; September 2013<\/strong><\/a>&nbsp;(Mart 2012 ile Eyl\u00fcl 2013 aras\u0131ndaki y\u00f6netmelik)<\/li>\n\n\n\n<li><strong><a href=\"http:\/\/mfbe.bilkent.edu.tr\/Regulations_26July2010.pdf\" target=\"_blank\" rel=\"noreferrer noopener\">Old Regulation \/ Before March 2012<\/a>&nbsp;<\/strong>(Mart 2012 \u00f6ncesindeki y\u00f6netmelik)<\/li>\n<\/ul>\n\n\n\n<p><\/p>\n","protected":false},"excerpt":{"rendered":"","protected":false},"author":2,"featured_media":0,"parent":0,"menu_order":0,"comment_status":"closed","ping_status":"open","template":"","meta":{"site-sidebar-layout":"default","site-content-layout":"","ast-site-content-layout":"","site-content-style":"default","site-sidebar-style":"default","ast-global-header-display":"","ast-banner-title-visibility":"","ast-main-header-display":"","ast-hfb-above-header-display":"","ast-hfb-below-header-display":"","ast-hfb-mobile-header-display":"","site-post-title":"","ast-breadcrumbs-content":"","ast-featured-img":"","footer-sml-layout":"","theme-transparent-header-meta":"","adv-header-id-meta":"","stick-header-meta":"","header-above-stick-meta":"","header-main-stick-meta":"","header-below-stick-meta":"","astra-migrate-meta-layouts":"default","ast-page-background-enabled":"default","ast-page-background-meta":{"desktop":{"background-color":"var(--ast-global-color-5)","background-image":"","background-repeat":"repeat","background-position":"center center","background-size":"auto","background-attachment":"scroll","background-type":"","background-media":"","overlay-type":"","overlay-color":"","overlay-opacity":"","overlay-gradient":""},"tablet":{"background-color":"","background-image":"","background-repeat":"repeat","background-position":"center center","background-size":"auto","background-attachment":"scroll","background-type":"","background-media":"","overlay-type":"","overlay-color":"","overlay-opacity":"","overlay-gradient":""},"mobile":{"background-color":"","background-image":"","background-repeat":"repeat","background-position":"center center","background-size":"auto","background-attachment":"scroll","background-type":"","background-media":"","overlay-type":"","overlay-color":"","overlay-opacity":"","overlay-gradient":""}},"ast-content-background-meta":{"desktop":{"background-color":"var(--ast-global-color-4)","background-image":"","background-repeat":"repeat","background-position":"center center","background-size":"auto","background-attachment":"scroll","background-type":"","background-media":"","overlay-type":"","overlay-color":"","overlay-opacity":"","overlay-gradient":""},"tablet":{"background-color":"var(--ast-global-color-4)","background-image":"","background-repeat":"repeat","background-position":"center center","background-size":"auto","background-attachment":"scroll","background-type":"","background-media":"","overlay-type":"","overlay-color":"","overlay-opacity":"","overlay-gradient":""},"mobile":{"background-color":"var(--ast-global-color-4)","background-image":"","background-repeat":"repeat","background-position":"center center","background-size":"auto","background-attachment":"scroll","background-type":"","background-media":"","overlay-type":"","overlay-color":"","overlay-opacity":"","overlay-gradient":""}},"footnotes":""},"class_list":["post-40","page","type-page","status-publish","hentry"],"_links":{"self":[{"href":"https:\/\/mfbe.bilkent.edu.tr\/index.php?rest_route=\/wp\/v2\/pages\/40","targetHints":{"allow":["GET"]}}],"collection":[{"href":"https:\/\/mfbe.bilkent.edu.tr\/index.php?rest_route=\/wp\/v2\/pages"}],"about":[{"href":"https:\/\/mfbe.bilkent.edu.tr\/index.php?rest_route=\/wp\/v2\/types\/page"}],"author":[{"embeddable":true,"href":"https:\/\/mfbe.bilkent.edu.tr\/index.php?rest_route=\/wp\/v2\/users\/2"}],"replies":[{"embeddable":true,"href":"https:\/\/mfbe.bilkent.edu.tr\/index.php?rest_route=%2Fwp%2Fv2%2Fcomments&post=40"}],"version-history":[{"count":3,"href":"https:\/\/mfbe.bilkent.edu.tr\/index.php?rest_route=\/wp\/v2\/pages\/40\/revisions"}],"predecessor-version":[{"id":1124,"href":"https:\/\/mfbe.bilkent.edu.tr\/index.php?rest_route=\/wp\/v2\/pages\/40\/revisions\/1124"}],"wp:attachment":[{"href":"https:\/\/mfbe.bilkent.edu.tr\/index.php?rest_route=%2Fwp%2Fv2%2Fmedia&parent=40"}],"curies":[{"name":"wp","href":"https:\/\/api.w.org\/{rel}","templated":true}]}}